{"id":95,"date":"2024-02-08T23:51:34","date_gmt":"2024-02-08T23:51:34","guid":{"rendered":"https:\/\/juntadeaguapotablesanandres.com.ec\/?page_id=95"},"modified":"2025-04-01T21:54:53","modified_gmt":"2025-04-01T21:54:53","slug":"inicio","status":"publish","type":"page","link":"https:\/\/juntadeaguapotablesanandres.com.ec\/","title":{"rendered":"Inicio"},"content":{"rendered":"\t\t<div data-elementor-type=\"wp-page\" data-elementor-id=\"95\" class=\"elementor elementor-95\">\n\t\t\t\t<div class=\"elementor-element elementor-element-61e231c e-flex e-con-boxed e-con e-parent\" data-id=\"61e231c\" data-element_type=\"container\" data-settings=\"{&quot;background_background&quot;:&quot;slideshow&quot;,&quot;background_slideshow_gallery&quot;:[{&quot;id&quot;:78,&quot;url&quot;:&quot;https:\\\/\\\/juntadeaguapotablesanandres.com.ec\\\/wp-content\\\/uploads\\\/2024\\\/02\\\/principal.jpg&quot;},{&quot;id&quot;:466,&quot;url&quot;:&quot;https:\\\/\\\/juntadeaguapotablesanandres.com.ec\\\/wp-content\\\/uploads\\\/2025\\\/04\\\/WhatsApp-Image-2025-03-28-at-12.19.00-1.jpeg&quot;},{&quot;id&quot;:462,&quot;url&quot;:&quot;https:\\\/\\\/juntadeaguapotablesanandres.com.ec\\\/wp-content\\\/uploads\\\/2025\\\/04\\\/WhatsApp-Image-2025-03-27-at-20.27.06.jpeg&quot;},{&quot;id&quot;:467,&quot;url&quot;:&quot;https:\\\/\\\/juntadeaguapotablesanandres.com.ec\\\/wp-content\\\/uploads\\\/2025\\\/04\\\/WhatsApp-Image-2025-03-28-at-12.19.00.jpeg&quot;},{&quot;id&quot;:463,&quot;url&quot;:&quot;https:\\\/\\\/juntadeaguapotablesanandres.com.ec\\\/wp-content\\\/uploads\\\/2025\\\/04\\\/WhatsApp-Image-2025-03-27-at-20.34.37.jpeg&quot;},{&quot;id&quot;:464,&quot;url&quot;:&quot;https:\\\/\\\/juntadeaguapotablesanandres.com.ec\\\/wp-content\\\/uploads\\\/2025\\\/04\\\/WhatsApp-Image-2025-03-27-at-20.34.50.jpeg&quot;},{&quot;id&quot;:465,&quot;url&quot;:&quot;https:\\\/\\\/juntadeaguapotablesanandres.com.ec\\\/wp-content\\\/uploads\\\/2025\\\/04\\\/WhatsApp-Image-2025-03-27-at-20.35.07.jpeg&quot;}],&quot;background_slideshow_ken_burns&quot;:&quot;yes&quot;,&quot;content_width&quot;:&quot;boxed&quot;,&quot;background_slideshow_loop&quot;:&quot;yes&quot;,&quot;background_slideshow_slide_duration&quot;:5000,&quot;background_slideshow_slide_transition&quot;:&quot;fade&quot;,&quot;background_slideshow_transition_duration&quot;:500,&quot;background_slideshow_ken_burns_zoom_direction&quot;:&quot;in&quot;}\" data-core-v316-plus=\"true\">\n\t\t\t\t\t<div class=\"e-con-inner\">\n\t\t\t\t<div class=\"elementor-element elementor-element-ad50689 elementor-invisible elementor-widget elementor-widget-heading\" data-id=\"ad50689\" data-element_type=\"widget\" data-settings=\"{&quot;_animation&quot;:&quot;fadeInLeft&quot;,&quot;_animation_mobile&quot;:&quot;fadeInLeft&quot;}\" data-widget_type=\"heading.default\">\n\t\t\t\t<div class=\"elementor-widget-container\">\n\t\t\t<style>\/*! elementor - v3.19.0 - 07-02-2024 *\/\n.elementor-heading-title{padding:0;margin:0;line-height:1}.elementor-widget-heading .elementor-heading-title[class*=elementor-size-]>a{color:inherit;font-size:inherit;line-height:inherit}.elementor-widget-heading .elementor-heading-title.elementor-size-small{font-size:15px}.elementor-widget-heading .elementor-heading-title.elementor-size-medium{font-size:19px}.elementor-widget-heading .elementor-heading-title.elementor-size-large{font-size:29px}.elementor-widget-heading .elementor-heading-title.elementor-size-xl{font-size:39px}.elementor-widget-heading .elementor-heading-title.elementor-size-xxl{font-size:59px}<\/style><h4 class=\"elementor-heading-title elementor-size-default\">JUNTA ADMINISTRADORA DE AGUA POTABLE Y SANEAMIENTO<\/h4>\t\t<\/div>\n\t\t\t\t<\/div>\n\t\t\t\t<div class=\"elementor-element elementor-element-53928a6 elementor-invisible elementor-widget elementor-widget-heading\" data-id=\"53928a6\" data-element_type=\"widget\" data-settings=\"{&quot;_animation&quot;:&quot;fadeInRight&quot;,&quot;_animation_mobile&quot;:&quot;fadeInRight&quot;}\" data-widget_type=\"heading.default\">\n\t\t\t\t<div class=\"elementor-widget-container\">\n\t\t\t<h4 class=\"elementor-heading-title elementor-size-default\">DE LA PARROQUIA SAN ANDR\u00c9S<\/h4>\t\t<\/div>\n\t\t\t\t<\/div>\n\t\t<div class=\"elementor-element elementor-element-9316880 e-flex e-con-boxed e-con e-child\" data-id=\"9316880\" data-element_type=\"container\" data-settings=\"{&quot;content_width&quot;:&quot;boxed&quot;}\">\n\t\t\t\t\t<div class=\"e-con-inner\">\n\t\t\t\t<div class=\"elementor-element elementor-element-03bb4e2 elementor-align-center elementor-widget elementor-widget-button\" data-id=\"03bb4e2\" data-element_type=\"widget\" data-widget_type=\"button.default\">\n\t\t\t\t<div class=\"elementor-widget-container\">\n\t\t\t\t\t<div class=\"elementor-button-wrapper\">\n\t\t\t<a class=\"elementor-button elementor-button-link elementor-size-sm\" href=\"#\">\n\t\t\t\t\t\t<span class=\"elementor-button-content-wrapper\">\n\t\t\t\t\t\t<span class=\"elementor-button-icon elementor-align-icon-right\">\n\t\t\t\t<svg aria-hidden=\"true\" class=\"e-font-icon-svg e-fas-phone\" viewBox=\"0 0 512 512\" xmlns=\"http:\/\/www.w3.org\/2000\/svg\"><path d=\"M493.4 24.6l-104-24c-11.3-2.6-22.9 3.3-27.5 13.9l-48 112c-4.2 9.8-1.4 21.3 6.9 28l60.6 49.6c-36 76.7-98.9 140.5-177.2 177.2l-49.6-60.6c-6.8-8.3-18.2-11.1-28-6.9l-112 48C3.9 366.5-2 378.1.6 389.4l24 104C27.1 504.2 36.7 512 48 512c256.1 0 464-207.5 464-464 0-11.2-7.7-20.9-18.6-23.4z\"><\/path><\/svg>\t\t\t<\/span>\n\t\t\t\t\t\t<span class=\"elementor-button-text\">Cont\u00e1ctanos <\/span>\n\t\t<\/span>\n\t\t\t\t\t<\/a>\n\t\t<\/div>\n\t\t\t\t<\/div>\n\t\t\t\t<\/div>\n\t\t\t\t\t<\/div>\n\t\t\t\t<\/div>\n\t\t\t\t\t<\/div>\n\t\t\t\t<\/div>\n\t\t<div class=\"elementor-element elementor-element-6d54737 e-flex e-con-boxed e-con e-parent\" data-id=\"6d54737\" data-element_type=\"container\" data-settings=\"{&quot;content_width&quot;:&quot;boxed&quot;}\" data-core-v316-plus=\"true\">\n\t\t\t\t\t<div class=\"e-con-inner\">\n\t\t<div class=\"elementor-element elementor-element-4039eb9 e-con-full e-flex e-con e-child\" data-id=\"4039eb9\" data-element_type=\"container\" data-settings=\"{&quot;content_width&quot;:&quot;full&quot;}\">\n\t\t\t\t<div class=\"elementor-element elementor-element-c664bad elementor-widget__width-inherit elementor-widget elementor-widget-image\" data-id=\"c664bad\" data-element_type=\"widget\" data-settings=\"{&quot;_animation&quot;:&quot;none&quot;}\" data-widget_type=\"image.default\">\n\t\t\t\t<div class=\"elementor-widget-container\">\n\t\t\t<style>\/*! elementor - v3.19.0 - 07-02-2024 *\/\n.elementor-widget-image{text-align:center}.elementor-widget-image a{display:inline-block}.elementor-widget-image a img[src$=\".svg\"]{width:48px}.elementor-widget-image img{vertical-align:middle;display:inline-block}<\/style>\t\t\t\t\t\t\t\t\t\t<img fetchpriority=\"high\" decoding=\"async\" width=\"1000\" height=\"564\" src=\"https:\/\/juntadeaguapotablesanandres.com.ec\/wp-content\/uploads\/2024\/04\/vertiente.jpg\" class=\"attachment-full size-full wp-image-425\" alt=\"\" srcset=\"https:\/\/juntadeaguapotablesanandres.com.ec\/wp-content\/uploads\/2024\/04\/vertiente.jpg 1000w, https:\/\/juntadeaguapotablesanandres.com.ec\/wp-content\/uploads\/2024\/04\/vertiente-300x169.jpg 300w, https:\/\/juntadeaguapotablesanandres.com.ec\/wp-content\/uploads\/2024\/04\/vertiente-768x433.jpg 768w\" sizes=\"(max-width: 1000px) 100vw, 1000px\" \/>\t\t\t\t\t\t\t\t\t\t\t\t\t<\/div>\n\t\t\t\t<\/div>\n\t\t\t\t<\/div>\n\t\t<div class=\"elementor-element elementor-element-ec6ec18 e-con-full e-flex e-con e-child\" data-id=\"ec6ec18\" data-element_type=\"container\" data-settings=\"{&quot;content_width&quot;:&quot;full&quot;}\">\n\t\t<div class=\"elementor-element elementor-element-27d4691 e-flex e-con-boxed e-con e-child\" data-id=\"27d4691\" data-element_type=\"container\" data-settings=\"{&quot;content_width&quot;:&quot;boxed&quot;}\">\n\t\t\t\t\t<div class=\"e-con-inner\">\n\t\t\t\t<div class=\"elementor-element elementor-element-d743213 elementor-widget elementor-widget-heading\" data-id=\"d743213\" data-element_type=\"widget\" data-widget_type=\"heading.default\">\n\t\t\t\t<div class=\"elementor-widget-container\">\n\t\t\t<h2 class=\"elementor-heading-title elementor-size-default\">\n\u00a1Protejamos nuestras fuentes de agua!<\/h2>\t\t<\/div>\n\t\t\t\t<\/div>\n\t\t\t\t\t<\/div>\n\t\t\t\t<\/div>\n\t\t<div class=\"elementor-element elementor-element-a0d0cad e-flex e-con-boxed e-con e-child\" data-id=\"a0d0cad\" data-element_type=\"container\" data-settings=\"{&quot;content_width&quot;:&quot;boxed&quot;}\">\n\t\t\t\t\t<div class=\"e-con-inner\">\n\t\t\t\t<div class=\"elementor-element elementor-element-0070c62 elementor-widget elementor-widget-text-editor\" data-id=\"0070c62\" data-element_type=\"widget\" data-widget_type=\"text-editor.default\">\n\t\t\t\t<div class=\"elementor-widget-container\">\n\t\t\t<style>\/*! elementor - v3.19.0 - 07-02-2024 *\/\n.elementor-widget-text-editor.elementor-drop-cap-view-stacked .elementor-drop-cap{background-color:#69727d;color:#fff}.elementor-widget-text-editor.elementor-drop-cap-view-framed .elementor-drop-cap{color:#69727d;border:3px solid;background-color:transparent}.elementor-widget-text-editor:not(.elementor-drop-cap-view-default) .elementor-drop-cap{margin-top:8px}.elementor-widget-text-editor:not(.elementor-drop-cap-view-default) .elementor-drop-cap-letter{width:1em;height:1em}.elementor-widget-text-editor .elementor-drop-cap{float:left;text-align:center;line-height:1;font-size:50px}.elementor-widget-text-editor .elementor-drop-cap-letter{display:inline-block}<\/style>\t\t\t\t<p>\u00abEn nuestras manos est\u00e1 el cuidado de las fuentes de agua que nos brindan vida y sustento. Cada d\u00eda, al despertar, recordemos la importancia de preservar su pureza y abundancia. Tomemos conciencia de nuestros h\u00e1bitos de consumo y de c\u00f3mo impactan en el ciclo vital del agua. A trav\u00e9s de la reducci\u00f3n de la contaminaci\u00f3n, la conservaci\u00f3n de ecosistemas acu\u00e1ticos y el uso responsable de este recurso, podemos asegurar un futuro pr\u00f3spero para todos. Eduquemos, inspiremos y actuemos juntos por la preservaci\u00f3n de nuestras fuentes de vida. \u00a1Cuidemos el agua hoy para que el ma\u00f1ana sea sostenible para todos!<\/p>\t\t\t\t\t\t<\/div>\n\t\t\t\t<\/div>\n\t\t\t\t\t<\/div>\n\t\t\t\t<\/div>\n\t\t\t\t<\/div>\n\t\t\t\t\t<\/div>\n\t\t\t\t<\/div>\n\t\t\t\t<\/div>\n\t\t","protected":false},"excerpt":{"rendered":"<p>JUNTA ADMINISTRADORA DE AGUA POTABLE Y SANEAMIENTO DE LA PARROQUIA SAN ANDR\u00c9S Cont\u00e1ctanos \u00a1Protejamos nuestras fuentes de agua! \u00abEn nuestras manos est\u00e1 el cuidado de las fuentes de agua que nos brindan vida y sustento. Cada d\u00eda, al despertar, recordemos la importancia de preservar su pureza y abundancia. Tomemos conciencia de nuestros h\u00e1bitos de consumo [&hellip;]<\/p>\n","protected":false},"author":1,"featured_media":0,"parent":0,"menu_order":0,"comment_status":"closed","ping_status":"closed","template":"","meta":{"footnotes":""},"class_list":["post-95","page","type-page","status-publish","hentry"],"_links":{"self":[{"href":"https:\/\/juntadeaguapotablesanandres.com.ec\/index.php?rest_route=\/wp\/v2\/pages\/95","targetHints":{"allow":["GET"]}}],"collection":[{"href":"https:\/\/juntadeaguapotablesanandres.com.ec\/index.php?rest_route=\/wp\/v2\/pages"}],"about":[{"href":"https:\/\/juntadeaguapotablesanandres.com.ec\/index.php?rest_route=\/wp\/v2\/types\/page"}],"author":[{"embeddable":true,"href":"https:\/\/juntadeaguapotablesanandres.com.ec\/index.php?rest_route=\/wp\/v2\/users\/1"}],"replies":[{"embeddable":true,"href":"https:\/\/juntadeaguapotablesanandres.com.ec\/index.php?rest_route=%2Fwp%2Fv2%2Fcomments&post=95"}],"version-history":[{"count":46,"href":"https:\/\/juntadeaguapotablesanandres.com.ec\/index.php?rest_route=\/wp\/v2\/pages\/95\/revisions"}],"predecessor-version":[{"id":470,"href":"https:\/\/juntadeaguapotablesanandres.com.ec\/index.php?rest_route=\/wp\/v2\/pages\/95\/revisions\/470"}],"wp:attachment":[{"href":"https:\/\/juntadeaguapotablesanandres.com.ec\/index.php?rest_route=%2Fwp%2Fv2%2Fmedia&parent=95"}],"curies":[{"name":"wp","href":"https:\/\/api.w.org\/{rel}","templated":true}]}}